{"id":72,"date":"2024-02-21T16:21:56","date_gmt":"2024-02-21T15:21:56","guid":{"rendered":"https:\/\/www.master-m1generalphysics.universite-paris-saclay.fr\/?page_id=72"},"modified":"2024-02-22T11:44:01","modified_gmt":"2024-02-22T10:44:01","slug":"language-course","status":"publish","type":"page","link":"https:\/\/www.master-m1generalphysics.universite-paris-saclay.fr\/?page_id=72","title":{"rendered":"Language course"},"content":{"rendered":"\n<p><strong>3 ECTS credits &#8212; Semester 1 &#8212; Elective or Compulsory<\/strong><\/p>\n\n\n\n<h2 class=\"wp-block-heading\">Syllabus<\/h2>\n\n\n\n<ul class=\"wp-block-list\">\n<li><strong>French as a Foreign Language<\/strong> (Fran\u00e7ais Langue \u00c9trang\u00e8re, FLE) is <strong>compulsory<\/strong> for students whose mother tongue is not French, or more generally for those whose level of French is equal to or lower than B2.<\/li>\n\n\n\n<li><strong>Another language<\/strong> can be taken as an Elective (see offer of the <a href=\"https:\/\/www.sciences.universite-paris-saclay.fr\/formation\/language-department\" data-type=\"link\" data-id=\"https:\/\/www.sciences.universite-paris-saclay.fr\/formation\/language-department\">Language Department<\/a>) by students fluent in French.<\/li>\n<\/ul>\n","protected":false},"excerpt":{"rendered":"<p>3 ECTS credits &#8212; Semester 1 &#8212; Elective or Compulsory Syllabus<\/p>\n","protected":false},"author":1,"featured_media":0,"parent":0,"menu_order":0,"comment_status":"closed","ping_status":"closed","template":"","meta":{"footnotes":""},"class_list":["post-72","page","type-page","status-publish","hentry"],"_links":{"self":[{"href":"https:\/\/www.master-m1generalphysics.universite-paris-saclay.fr\/index.php?rest_route=\/wp\/v2\/pages\/72","targetHints":{"allow":["GET"]}}],"collection":[{"href":"https:\/\/www.master-m1generalphysics.universite-paris-saclay.fr\/index.php?rest_route=\/wp\/v2\/pages"}],"about":[{"href":"https:\/\/www.master-m1generalphysics.universite-paris-saclay.fr\/index.php?rest_route=\/wp\/v2\/types\/page"}],"author":[{"embeddable":true,"href":"https:\/\/www.master-m1generalphysics.universite-paris-saclay.fr\/index.php?rest_route=\/wp\/v2\/users\/1"}],"replies":[{"embeddable":true,"href":"https:\/\/www.master-m1generalphysics.universite-paris-saclay.fr\/index.php?rest_route=%2Fwp%2Fv2%2Fcomments&post=72"}],"version-history":[{"count":2,"href":"https:\/\/www.master-m1generalphysics.universite-paris-saclay.fr\/index.php?rest_route=\/wp\/v2\/pages\/72\/revisions"}],"predecessor-version":[{"id":109,"href":"https:\/\/www.master-m1generalphysics.universite-paris-saclay.fr\/index.php?rest_route=\/wp\/v2\/pages\/72\/revisions\/109"}],"wp:attachment":[{"href":"https:\/\/www.master-m1generalphysics.universite-paris-saclay.fr\/index.php?rest_route=%2Fwp%2Fv2%2Fmedia&parent=72"}],"curies":[{"name":"wp","href":"https:\/\/api.w.org\/{rel}","templated":true}]}}