{"id":460,"date":"2026-01-07T21:44:02","date_gmt":"2026-01-07T20:44:02","guid":{"rendered":"https:\/\/www.master-m1generalphysics.universite-paris-saclay.fr\/?page_id=460"},"modified":"2026-01-07T22:21:54","modified_gmt":"2026-01-07T21:21:54","slug":"physique-du-climat","status":"publish","type":"page","link":"https:\/\/www.master-m1generalphysics.universite-paris-saclay.fr\/?page_id=460","title":{"rendered":"Climate Physics"},"content":{"rendered":"\n<p>3 ECTS Credits &#8212; Semester 2 &#8212; Elective<\/p>\n\n\n\n<p>Upon completion of this course, students will have acquired knowledge enabling them to understand the physical functioning of the climate system, focusing on the atmosphere, which will be the only envelope addressed.<\/p>\n\n\n\n<p class=\"has-x-large-font-size\">Syllabus<\/p>\n\n\n\n<ul class=\"wp-block-list\">\n<li>Relevant geophysical variables for describing the climate system<\/li>\n\n\n\n<li>The planet&#8217;s energy balance<\/li>\n\n\n\n<li>Movement of fluid envelopes: general circulation and vertical movements.<\/li>\n\n\n\n<li>Identify and define the physical meaning of terms used in the conservation laws for the climate system.<\/li>\n\n\n\n<li>Formulate a climate-related problem using natural language.<\/li>\n\n\n\n<li>Simplify the equations describing the climate system and solve the problem.<\/li>\n\n\n\n<li>Calculate ODGs (Operational Determinants of Global Quality) related to the problem.<\/li>\n<\/ul>\n\n\n\n<p class=\"has-x-large-font-size\">Suggested bibliography<\/p>\n\n\n\n<ul class=\"wp-block-list\">\n<li>Fondamentaux de m\u00e9t\u00e9orologie, S. Malardel, Editions Cepadu\u00e8s\/M\u00e9t\u00e9o France<\/li>\n\n\n\n<li>Physique et chimie de l\u2019atmosph\u00e8re, R. Delmas, G. M\u00e9gie, et V.-H. Pe.<\/li>\n\n\n\n<li>Dynamique de l\u2019atmosph\u00e8re et de l\u2019oc\u00e9an, P. Bougeault et R. Sadourny,        Les \u00e9ditions de l\u2019Ecole Polytechnique<\/li>\n<\/ul>\n\n\n\n<p class=\"has-x-large-font-size\">Prerequisites<\/p>\n\n\n\n<ul class=\"wp-block-list\">\n<li>Ability to perform simple vector calculations (gradientapplication, curl, divergence, Laplacian, etc.)<\/li>\n\n\n\n<li>Ability to manipulate partial derivatives<\/li>\n\n\n\n<li>Ability to project a vector equation onto the axes of a coordinate system in Cartesian, cylindrical coordinates<\/li>\n<\/ul>\n\n\n\n<p><\/p>\n\n\n\n<p><\/p>\n","protected":false},"excerpt":{"rendered":"<p>3 ECTS Credits &#8212; Semester 2 &#8212; Elective Upon completion of this course, students will have acquired knowledge enabling them to understand the physical functioning of the climate system, focusing on the atmosphere, which will be the only envelope addressed. Syllabus Suggested bibliography Prerequisites<\/p>\n","protected":false},"author":2,"featured_media":0,"parent":0,"menu_order":0,"comment_status":"closed","ping_status":"closed","template":"","meta":{"footnotes":""},"class_list":["post-460","page","type-page","status-publish","hentry"],"_links":{"self":[{"href":"https:\/\/www.master-m1generalphysics.universite-paris-saclay.fr\/index.php?rest_route=\/wp\/v2\/pages\/460","targetHints":{"allow":["GET"]}}],"collection":[{"href":"https:\/\/www.master-m1generalphysics.universite-paris-saclay.fr\/index.php?rest_route=\/wp\/v2\/pages"}],"about":[{"href":"https:\/\/www.master-m1generalphysics.universite-paris-saclay.fr\/index.php?rest_route=\/wp\/v2\/types\/page"}],"author":[{"embeddable":true,"href":"https:\/\/www.master-m1generalphysics.universite-paris-saclay.fr\/index.php?rest_route=\/wp\/v2\/users\/2"}],"replies":[{"embeddable":true,"href":"https:\/\/www.master-m1generalphysics.universite-paris-saclay.fr\/index.php?rest_route=%2Fwp%2Fv2%2Fcomments&post=460"}],"version-history":[{"count":3,"href":"https:\/\/www.master-m1generalphysics.universite-paris-saclay.fr\/index.php?rest_route=\/wp\/v2\/pages\/460\/revisions"}],"predecessor-version":[{"id":464,"href":"https:\/\/www.master-m1generalphysics.universite-paris-saclay.fr\/index.php?rest_route=\/wp\/v2\/pages\/460\/revisions\/464"}],"wp:attachment":[{"href":"https:\/\/www.master-m1generalphysics.universite-paris-saclay.fr\/index.php?rest_route=%2Fwp%2Fv2%2Fmedia&parent=460"}],"curies":[{"name":"wp","href":"https:\/\/api.w.org\/{rel}","templated":true}]}}