{"id":2,"date":"2024-02-20T17:41:51","date_gmt":"2024-02-20T16:41:51","guid":{"rendered":"http:\/\/www.master-m1generalphysics.universite-paris-saclay.fr\/?page_id=2"},"modified":"2025-06-14T00:33:53","modified_gmt":"2025-06-13T22:33:53","slug":"contact","status":"publish","type":"page","link":"https:\/\/www.master-m1generalphysics.universite-paris-saclay.fr\/?page_id=2","title":{"rendered":"Contact"},"content":{"rendered":"\n<div class=\"wp-block-columns is-layout-flex wp-container-core-columns-is-layout-28f84493 wp-block-columns-is-layout-flex\">\n<div class=\"wp-block-column is-layout-flow wp-block-column-is-layout-flow\">\n<h4 class=\"wp-block-heading\">Pedagogical assistant<\/h4>\n<\/div>\n\n\n\n<div class=\"wp-block-column is-layout-flow wp-block-column-is-layout-flow\">\n<h4 class=\"wp-block-heading\">Programme directors<\/h4>\n<\/div>\n<\/div>\n\n\n\n<div class=\"wp-block-columns is-layout-flex wp-container-core-columns-is-layout-28f84493 wp-block-columns-is-layout-flex\">\n<div class=\"wp-block-column is-layout-flow wp-block-column-is-layout-flow\">\n<div class=\"wp-block-group has-global-padding is-layout-constrained wp-block-group-is-layout-constrained\">\n<div class=\"wp-block-columns is-layout-flex wp-container-core-columns-is-layout-28f84493 wp-block-columns-is-layout-flex\">\n<div class=\"wp-block-column is-layout-flow wp-block-column-is-layout-flow\" style=\"flex-basis:100%\">\n<p>Ms <strong>Aur\u00e9lie Menant<\/strong><\/p>\n<p>B\u00e2timent \u0127 (625)\n<br>Third floor \u2013 office 332\n<br>D\u00e9partement de Physique\n<br>1, place Hubert Coudane\n<br>91400 Orsay &#8212; France<\/p>\n<p><a href=\"mailto:aurelie.menant@universite-paris-saclay.fr\">aurelie.menant@universite-paris-saclay.fr<\/a>\n<br>Tel : +33 (0)1 69 15 46 51<\/p>\n<\/div>\n<\/div>\n<\/div>\n<\/div>\n\n\n\n<div class=\"wp-block-column is-layout-flow wp-block-column-is-layout-flow\">\n<p>Profs. <strong><a href=\"https:\/\/sites.google.com\/view\/ataualpa\/home\" target=\"_blank\" rel=\"noopener\">Marcello Civelli<\/a><\/strong> &#038; <strong><a href=\"https:\/\/www.ias.universite-paris-saclay.fr\/fr\/activites-de-recherche\/astrophysique-de-la-matiere-interstellaire\/presentation\" target=\"_blank\" rel=\"noopener\">Laurent Verstraete<\/a><\/strong><\/p>\n<p><a href=\"mailto:marcello.civelli@universite-paris-saclay.fr\">marcello.civelli@universite-paris-saclay.fr<\/a>\n<br>\n<a href=\"mailto:laurent.verstraete@universite-paris-saclay.fr\">laurent.verstraete@universite-paris-saclay.fr<\/a>\n<\/p>\n<\/div>\n<\/div>\n\n\n\n<h4 class=\"wp-block-heading has-text-align-right\">Course venue<\/h4>\n\n\n\n<p class=\"has-text-align-left\">All courses are held in the <a href=\"https:\/\/mapcarta.com\/W709269601\" data-type=\"link\" data-id=\"https:\/\/mapcarta.com\/W709269601\" target=\"_blank\" rel=\"noreferrer noopener\">\u0127&nbsp;building<\/a> on the Orsay campus of the <a href=\"https:\/\/www.sciences.universite-paris-saclay.fr\" data-type=\"link\" data-id=\"https:\/\/www.sciences.universite-paris-saclay.fr\" target=\"_blank\" rel=\"noreferrer noopener\">Faculty of Sciences<\/a> of Universit\u00e9 Paris-Saclay (except <a href=\"https:\/\/www.master-m1generalphysics.universite-paris-saclay.fr\/?page_id=84\" data-type=\"page\" data-id=\"84\" target=\"_blank\" rel=\"noreferrer noopener\">Non-Linear Optics<\/a> held in our neighbouring partner <a href=\"https:\/\/ens-paris-saclay.fr\" data-type=\"link\" data-id=\"https:\/\/ens-paris-saclay.fr\" target=\"_blank\" rel=\"noreferrer noopener\">ENS Paris-Saclay<\/a>, and <a href=\"https:\/\/www.master-m1generalphysics.universite-paris-saclay.fr\/?page_id=147\" data-type=\"page\" data-id=\"147\" target=\"_blank\" rel=\"noreferrer noopener\">Nanomaterials &amp; Electronic Applications<\/a> held in the nearby partner <a href=\"https:\/\/www.polytechnique.edu\" data-type=\"link\" data-id=\"https:\/\/www.polytechnique.edu\" target=\"_blank\" rel=\"noreferrer noopener\">\u00c9cole Polytechnique<\/a>).<\/p>\n","protected":false},"excerpt":{"rendered":"<p>Pedagogical assistant Programme directors Ms Aur\u00e9lie Menant B\u00e2timent \u0127 (625) Third floor \u2013 office 332 D\u00e9partement de Physique 1, place Hubert Coudane 91400 Orsay &#8212; France aurelie.menant@universite-paris-saclay.fr Tel : +33 (0)1 69 15 46 51 Profs. Marcello Civelli &#038; Laurent Verstraete marcello.civelli@universite-paris-saclay.fr laurent.verstraete@universite-paris-saclay.fr Course venue All courses are held in the \u0127&nbsp;building on the Orsay [&hellip;]<\/p>\n","protected":false},"author":1,"featured_media":0,"parent":0,"menu_order":0,"comment_status":"closed","ping_status":"closed","template":"","meta":{"footnotes":""},"class_list":["post-2","page","type-page","status-publish","hentry"],"_links":{"self":[{"href":"https:\/\/www.master-m1generalphysics.universite-paris-saclay.fr\/index.php?rest_route=\/wp\/v2\/pages\/2","targetHints":{"allow":["GET"]}}],"collection":[{"href":"https:\/\/www.master-m1generalphysics.universite-paris-saclay.fr\/index.php?rest_route=\/wp\/v2\/pages"}],"about":[{"href":"https:\/\/www.master-m1generalphysics.universite-paris-saclay.fr\/index.php?rest_route=\/wp\/v2\/types\/page"}],"author":[{"embeddable":true,"href":"https:\/\/www.master-m1generalphysics.universite-paris-saclay.fr\/index.php?rest_route=\/wp\/v2\/users\/1"}],"replies":[{"embeddable":true,"href":"https:\/\/www.master-m1generalphysics.universite-paris-saclay.fr\/index.php?rest_route=%2Fwp%2Fv2%2Fcomments&post=2"}],"version-history":[{"count":22,"href":"https:\/\/www.master-m1generalphysics.universite-paris-saclay.fr\/index.php?rest_route=\/wp\/v2\/pages\/2\/revisions"}],"predecessor-version":[{"id":390,"href":"https:\/\/www.master-m1generalphysics.universite-paris-saclay.fr\/index.php?rest_route=\/wp\/v2\/pages\/2\/revisions\/390"}],"wp:attachment":[{"href":"https:\/\/www.master-m1generalphysics.universite-paris-saclay.fr\/index.php?rest_route=%2Fwp%2Fv2%2Fmedia&parent=2"}],"curies":[{"name":"wp","href":"https:\/\/api.w.org\/{rel}","templated":true}]}}